{"id":332,"date":"2022-07-31T03:50:23","date_gmt":"2022-07-31T03:50:23","guid":{"rendered":"http:\/\/localhost\/chelita\/?page_id=332"},"modified":"2023-01-14T02:56:57","modified_gmt":"2023-01-14T02:56:57","slug":"ixkik-2","status":"publish","type":"page","link":"https:\/\/www.chelitatravel.com\/en\/ixkik-2\/","title":{"rendered":"IxKik"},"content":{"rendered":"<p>[et_pb_section fb_built=&#8221;1&#8243; _builder_version=&#8221;4.17.6&#8243; _module_preset=&#8221;default&#8221; background_color=&#8221;#F3BE0E&#8221; custom_padding=&#8221;||15px|||&#8221; global_colors_info=&#8221;{}&#8221;][et_pb_row _builder_version=&#8221;4.17.6&#8243; _module_preset=&#8221;default&#8221; global_colors_info=&#8221;{}&#8221;][et_pb_column type=&#8221;4_4&#8243; _builder_version=&#8221;4.17.6&#8243; _module_preset=&#8221;default&#8221; global_colors_info=&#8221;{}&#8221;][et_pb_text _builder_version=&#8221;4.17.6&#8243; _module_preset=&#8221;default&#8221; text_font=&#8221;Akaya Kanadaka||||||||&#8221; text_text_color=&#8221;#6B5344&#8243; text_font_size=&#8221;3em&#8221; text_orientation=&#8221;center&#8221; global_colors_info=&#8221;{}&#8221;]<\/p>\n<p>Libro Ix K&#8217;i&#8217;ik &#8211; La reina guerra de edzna<\/p>\n<p>[\/et_pb_text][\/et_pb_column][\/et_pb_row][\/et_pb_section][et_pb_section fb_built=&#8221;1&#8243; _builder_version=&#8221;4.17.6&#8243; _module_preset=&#8221;default&#8221; custom_padding=&#8221;0px|||||&#8221; global_colors_info=&#8221;{}&#8221;][et_pb_row column_structure=&#8221;1_2,1_2&#8243; _builder_version=&#8221;4.17.6&#8243; _module_preset=&#8221;default&#8221; global_colors_info=&#8221;{}&#8221;][et_pb_column type=&#8221;1_2&#8243; _builder_version=&#8221;4.17.6&#8243; _module_preset=&#8221;default&#8221; global_colors_info=&#8221;{}&#8221;][et_pb_image src=&#8221;https:\/\/www.chelitatravel.com\/wp-content\/uploads\/2022\/11\/ix.png&#8221; title_text=&#8221;ix&#8221; _builder_version=&#8221;4.19.4&#8243; _module_preset=&#8221;default&#8221; global_colors_info=&#8221;{}&#8221;][\/et_pb_image][\/et_pb_column][et_pb_column type=&#8221;1_2&#8243; _builder_version=&#8221;4.17.6&#8243; _module_preset=&#8221;default&#8221; global_colors_info=&#8221;{}&#8221;][et_pb_text _builder_version=&#8221;4.19.0&#8243; _module_preset=&#8221;default&#8221; global_colors_info=&#8221;{}&#8221;]<\/p>\n<div id=\"text-2223-1-0-1\" class=\"module module-text text-2223-1-0-1   \">\n<p>Descubre la historia de <strong>Ix K\u2019i\u2019ik La Reina Guerrera de Edzn\u00e1<\/strong>, una novela corta de ambientaci\u00f3n hist\u00f3rica que narra la fascinante historia de la \u00fanica mujer gobernante de la ciudad maya de\u00a0Edzn\u00e1.<\/p>\n<p>&nbsp;<\/p>\n<p>&nbsp;<\/p>\n<p>Adquiere tu ejemplar<br \/>Contacto<br \/>Autor: <strong>Berenice Ceballos G.<\/strong><br \/><strong>9811812104 \/ 9811067243<\/strong><br \/><strong>chelitatravel@gmail.com<\/strong><\/p>\n<\/div>\n<p>[\/et_pb_text][et_pb_button button_url=&#8221;https:\/\/api.whatsapp.com\/send\/?phone=5219811812104&#038;text=Hola%2C+quiero+unlibro%C3%B3n&#038;type=phone_number&#038;app_absent=0&#8243; button_text=&#8221;Comprar un libro&#8221; button_alignment=&#8221;center&#8221; _builder_version=&#8221;4.18.0&#8243; _module_preset=&#8221;default&#8221; custom_button=&#8221;on&#8221; button_text_color=&#8221;#FFFFFF&#8221; button_bg_color=&#8221;#E09900&#8243; button_border_width=&#8221;10px&#8221; button_icon=&#8221;&#xf518;||fa||900&#8243; global_colors_info=&#8221;{}&#8221; button_text_color__hover_enabled=&#8221;on|hover&#8221; button_text_color__hover=&#8221;#FFFFFF&#8221; button_bg_color__hover_enabled=&#8221;on|hover&#8221; button_bg_color__hover=&#8221;#6B5344&#8243; button_bg_enable_color__hover=&#8221;on&#8221;][\/et_pb_button][\/et_pb_column][\/et_pb_row][et_pb_row _builder_version=&#8221;4.17.6&#8243; _module_preset=&#8221;default&#8221; background_color=&#8221;#F3BE0E&#8221; global_colors_info=&#8221;{}&#8221;][et_pb_column type=&#8221;4_4&#8243; _builder_version=&#8221;4.17.6&#8243; _module_preset=&#8221;default&#8221; global_colors_info=&#8221;{}&#8221;][et_pb_text _builder_version=&#8221;4.17.6&#8243; _module_preset=&#8221;default&#8221; text_font=&#8221;Akaya Kanadaka||||||||&#8221; text_text_color=&#8221;#6B5344&#8243; text_font_size=&#8221;4em&#8221; custom_padding=&#8221;|||40px|false|false&#8221; global_colors_info=&#8221;{}&#8221;]<\/p>\n<p>Lectores felices<\/p>\n<p>[\/et_pb_text][\/et_pb_column][\/et_pb_row][et_pb_row column_structure=&#8221;1_3,1_3,1_3&#8243; _builder_version=&#8221;4.17.6&#8243; _module_preset=&#8221;default&#8221; custom_padding=&#8221;5px|||||&#8221; global_colors_info=&#8221;{}&#8221;][et_pb_column type=&#8221;1_3&#8243; _builder_version=&#8221;4.17.6&#8243; _module_preset=&#8221;default&#8221; global_colors_info=&#8221;{}&#8221;][et_pb_image src=&#8221;https:\/\/www.chelitatravel.com\/wp-content\/uploads\/2022\/07\/ixkik03.jpg&#8221; title_text=&#8221;ixkik03&#8243; _builder_version=&#8221;4.17.6&#8243; _module_preset=&#8221;default&#8221; global_colors_info=&#8221;{}&#8221;][\/et_pb_image][\/et_pb_column][et_pb_column type=&#8221;1_3&#8243; _builder_version=&#8221;4.17.6&#8243; _module_preset=&#8221;default&#8221; global_colors_info=&#8221;{}&#8221;][et_pb_image src=&#8221;https:\/\/www.chelitatravel.com\/wp-content\/uploads\/2022\/07\/ixkik01.jpg&#8221; title_text=&#8221;ixkik01&#8243; _builder_version=&#8221;4.17.6&#8243; _module_preset=&#8221;default&#8221; global_colors_info=&#8221;{}&#8221;][\/et_pb_image][\/et_pb_column][et_pb_column type=&#8221;1_3&#8243; _builder_version=&#8221;4.17.6&#8243; _module_preset=&#8221;default&#8221; global_colors_info=&#8221;{}&#8221;][et_pb_image src=&#8221;https:\/\/www.chelitatravel.com\/wp-content\/uploads\/2022\/07\/ixkik02.jpg&#8221; title_text=&#8221;ixkik02&#8243; _builder_version=&#8221;4.17.6&#8243; _module_preset=&#8221;default&#8221; global_colors_info=&#8221;{}&#8221;][\/et_pb_image][\/et_pb_column][\/et_pb_row][\/et_pb_section]<\/p>\n","protected":false},"excerpt":{"rendered":"<p>Libro Ix K&#8217;i&#8217;ik &#8211; La reina guerra de edzna Descubre la historia de Ix K\u2019i\u2019ik La Reina Guerrera de Edzn\u00e1, una novela corta de ambientaci\u00f3n hist\u00f3rica que narra la fascinante historia de la \u00fanica mujer gobernante de la ciudad maya de\u00a0Edzn\u00e1. &nbsp; &nbsp; Adquiere tu ejemplarContactoAutor: Berenice Ceballos G.9811812104 \/ 9811067243chelitatravel@gmail.com Lectores felices<\/p>","protected":false},"author":1,"featured_media":0,"parent":0,"menu_order":0,"comment_status":"closed","ping_status":"closed","template":"","meta":{"_et_pb_use_builder":"on","_et_pb_old_content":"","_et_gb_content_width":"","footnotes":""},"class_list":["post-332","page","type-page","status-publish","hentry"],"yoast_head":"<!-- This site is optimized with the Yoast SEO plugin v26.9 - https:\/\/yoast.com\/product\/yoast-seo-wordpress\/ -->\n<title>IxKik - Chelita Travel<\/title>\n<meta name=\"robots\" content=\"index, follow, max-snippet:-1, max-image-preview:large, max-video-preview:-1\" \/>\n<link rel=\"canonical\" href=\"https:\/\/www.chelitatravel.com\/en\/ixkik-2\/\" \/>\n<meta property=\"og:locale\" content=\"en_US\" \/>\n<meta property=\"og:type\" content=\"article\" \/>\n<meta property=\"og:title\" content=\"IxKik - Chelita Travel\" \/>\n<meta property=\"og:description\" content=\"Libro Ix K&#039;i&#039;ik - La reina guerra de edzna Descubre la historia de Ix K\u2019i\u2019ik La Reina Guerrera de Edzn\u00e1, una novela corta de ambientaci\u00f3n hist\u00f3rica que narra la fascinante historia de la \u00fanica mujer gobernante de la ciudad maya de\u00a0Edzn\u00e1. &nbsp; &nbsp; Adquiere tu ejemplarContactoAutor: Berenice Ceballos G.9811812104 \/ 9811067243chelitatravel@gmail.com Lectores felices\" \/>\n<meta property=\"og:url\" content=\"https:\/\/www.chelitatravel.com\/en\/ixkik-2\/\" \/>\n<meta property=\"og:site_name\" content=\"Chelita Travel\" \/>\n<meta property=\"article:publisher\" content=\"https:\/\/www.facebook.com\/chelitatravel\" \/>\n<meta property=\"article:modified_time\" content=\"2023-01-14T02:56:57+00:00\" \/>\n<meta name=\"twitter:card\" content=\"summary_large_image\" \/>\n<meta name=\"twitter:label1\" content=\"Est. reading time\" \/>\n\t<meta name=\"twitter:data1\" content=\"3 minutes\" \/>\n<script type=\"application\/ld+json\" class=\"yoast-schema-graph\">{\"@context\":\"https:\/\/schema.org\",\"@graph\":[{\"@type\":\"WebPage\",\"@id\":\"https:\/\/www.chelitatravel.com\/ixkik-2\/\",\"url\":\"https:\/\/www.chelitatravel.com\/ixkik-2\/\",\"name\":\"IxKik - Chelita Travel\",\"isPartOf\":{\"@id\":\"https:\/\/www.chelitatravel.com\/#website\"},\"datePublished\":\"2022-07-31T03:50:23+00:00\",\"dateModified\":\"2023-01-14T02:56:57+00:00\",\"breadcrumb\":{\"@id\":\"https:\/\/www.chelitatravel.com\/ixkik-2\/#breadcrumb\"},\"inLanguage\":\"en-US\",\"potentialAction\":[{\"@type\":\"ReadAction\",\"target\":[\"https:\/\/www.chelitatravel.com\/ixkik-2\/\"]}]},{\"@type\":\"BreadcrumbList\",\"@id\":\"https:\/\/www.chelitatravel.com\/ixkik-2\/#breadcrumb\",\"itemListElement\":[{\"@type\":\"ListItem\",\"position\":1,\"name\":\"Inicio\",\"item\":\"https:\/\/www.chelitatravel.com\/\"},{\"@type\":\"ListItem\",\"position\":2,\"name\":\"IxKik\"}]},{\"@type\":\"WebSite\",\"@id\":\"https:\/\/www.chelitatravel.com\/#website\",\"url\":\"https:\/\/www.chelitatravel.com\/\",\"name\":\"chelitatravel.com\",\"description\":\"Te guiamos a conocer el sureste de M\u00e9xico, deja guiarte con nuestros tours privados y personalizados\",\"publisher\":{\"@id\":\"https:\/\/www.chelitatravel.com\/#organization\"},\"alternateName\":\"Chelita travel\",\"potentialAction\":[{\"@type\":\"SearchAction\",\"target\":{\"@type\":\"EntryPoint\",\"urlTemplate\":\"https:\/\/www.chelitatravel.com\/?s={search_term_string}\"},\"query-input\":{\"@type\":\"PropertyValueSpecification\",\"valueRequired\":true,\"valueName\":\"search_term_string\"}}],\"inLanguage\":\"en-US\"},{\"@type\":\"Organization\",\"@id\":\"https:\/\/www.chelitatravel.com\/#organization\",\"name\":\"Chelita Travel\",\"url\":\"https:\/\/www.chelitatravel.com\/\",\"logo\":{\"@type\":\"ImageObject\",\"inLanguage\":\"en-US\",\"@id\":\"https:\/\/www.chelitatravel.com\/#\/schema\/logo\/image\/\",\"url\":\"https:\/\/www.chelitatravel.com\/wp-content\/uploads\/2022\/07\/cropped-chelita_logo.png\",\"contentUrl\":\"https:\/\/www.chelitatravel.com\/wp-content\/uploads\/2022\/07\/cropped-chelita_logo.png\",\"width\":512,\"height\":512,\"caption\":\"Chelita Travel\"},\"image\":{\"@id\":\"https:\/\/www.chelitatravel.com\/#\/schema\/logo\/image\/\"},\"sameAs\":[\"https:\/\/www.facebook.com\/chelitatravel\",\"https:\/\/www.instagram.com\/chelitatravel\/\"]}]}<\/script>\n<!-- \/ Yoast SEO plugin. -->","yoast_head_json":{"title":"IxKik - Chelita Travel","robots":{"index":"index","follow":"follow","max-snippet":"max-snippet:-1","max-image-preview":"max-image-preview:large","max-video-preview":"max-video-preview:-1"},"canonical":"https:\/\/www.chelitatravel.com\/en\/ixkik-2\/","og_locale":"en_US","og_type":"article","og_title":"IxKik - Chelita Travel","og_description":"Libro Ix K'i'ik - La reina guerra de edzna Descubre la historia de Ix K\u2019i\u2019ik La Reina Guerrera de Edzn\u00e1, una novela corta de ambientaci\u00f3n hist\u00f3rica que narra la fascinante historia de la \u00fanica mujer gobernante de la ciudad maya de\u00a0Edzn\u00e1. &nbsp; &nbsp; Adquiere tu ejemplarContactoAutor: Berenice Ceballos G.9811812104 \/ 9811067243chelitatravel@gmail.com Lectores felices","og_url":"https:\/\/www.chelitatravel.com\/en\/ixkik-2\/","og_site_name":"Chelita Travel","article_publisher":"https:\/\/www.facebook.com\/chelitatravel","article_modified_time":"2023-01-14T02:56:57+00:00","twitter_card":"summary_large_image","twitter_misc":{"Est. reading time":"3 minutes"},"schema":{"@context":"https:\/\/schema.org","@graph":[{"@type":"WebPage","@id":"https:\/\/www.chelitatravel.com\/ixkik-2\/","url":"https:\/\/www.chelitatravel.com\/ixkik-2\/","name":"IxKik - Chelita Travel","isPartOf":{"@id":"https:\/\/www.chelitatravel.com\/#website"},"datePublished":"2022-07-31T03:50:23+00:00","dateModified":"2023-01-14T02:56:57+00:00","breadcrumb":{"@id":"https:\/\/www.chelitatravel.com\/ixkik-2\/#breadcrumb"},"inLanguage":"en-US","potentialAction":[{"@type":"ReadAction","target":["https:\/\/www.chelitatravel.com\/ixkik-2\/"]}]},{"@type":"BreadcrumbList","@id":"https:\/\/www.chelitatravel.com\/ixkik-2\/#breadcrumb","itemListElement":[{"@type":"ListItem","position":1,"name":"Inicio","item":"https:\/\/www.chelitatravel.com\/"},{"@type":"ListItem","position":2,"name":"IxKik"}]},{"@type":"WebSite","@id":"https:\/\/www.chelitatravel.com\/#website","url":"https:\/\/www.chelitatravel.com\/","name":"chelitatravel.com","description":"Te guiamos a conocer el sureste de M\u00e9xico, deja guiarte con nuestros tours privados y personalizados","publisher":{"@id":"https:\/\/www.chelitatravel.com\/#organization"},"alternateName":"Chelita travel","potentialAction":[{"@type":"SearchAction","target":{"@type":"EntryPoint","urlTemplate":"https:\/\/www.chelitatravel.com\/?s={search_term_string}"},"query-input":{"@type":"PropertyValueSpecification","valueRequired":true,"valueName":"search_term_string"}}],"inLanguage":"en-US"},{"@type":"Organization","@id":"https:\/\/www.chelitatravel.com\/#organization","name":"Chelita Travel","url":"https:\/\/www.chelitatravel.com\/","logo":{"@type":"ImageObject","inLanguage":"en-US","@id":"https:\/\/www.chelitatravel.com\/#\/schema\/logo\/image\/","url":"https:\/\/www.chelitatravel.com\/wp-content\/uploads\/2022\/07\/cropped-chelita_logo.png","contentUrl":"https:\/\/www.chelitatravel.com\/wp-content\/uploads\/2022\/07\/cropped-chelita_logo.png","width":512,"height":512,"caption":"Chelita Travel"},"image":{"@id":"https:\/\/www.chelitatravel.com\/#\/schema\/logo\/image\/"},"sameAs":["https:\/\/www.facebook.com\/chelitatravel","https:\/\/www.instagram.com\/chelitatravel\/"]}]}},"_links":{"self":[{"href":"https:\/\/www.chelitatravel.com\/en\/wp-json\/wp\/v2\/pages\/332","targetHints":{"allow":["GET"]}}],"collection":[{"href":"https:\/\/www.chelitatravel.com\/en\/wp-json\/wp\/v2\/pages"}],"about":[{"href":"https:\/\/www.chelitatravel.com\/en\/wp-json\/wp\/v2\/types\/page"}],"author":[{"embeddable":true,"href":"https:\/\/www.chelitatravel.com\/en\/wp-json\/wp\/v2\/users\/1"}],"replies":[{"embeddable":true,"href":"https:\/\/www.chelitatravel.com\/en\/wp-json\/wp\/v2\/comments?post=332"}],"version-history":[{"count":20,"href":"https:\/\/www.chelitatravel.com\/en\/wp-json\/wp\/v2\/pages\/332\/revisions"}],"predecessor-version":[{"id":2427,"href":"https:\/\/www.chelitatravel.com\/en\/wp-json\/wp\/v2\/pages\/332\/revisions\/2427"}],"wp:attachment":[{"href":"https:\/\/www.chelitatravel.com\/en\/wp-json\/wp\/v2\/media?parent=332"}],"curies":[{"name":"wp","href":"https:\/\/api.w.org\/{rel}","templated":true}]}}