{"id":1477,"date":"2022-08-10T14:15:20","date_gmt":"2022-08-10T14:15:20","guid":{"rendered":"http:\/\/localhost\/chelita\/?page_id=1477"},"modified":"2024-04-09T13:13:28","modified_gmt":"2024-04-09T19:13:28","slug":"nosotros","status":"publish","type":"page","link":"https:\/\/www.chelitatravel.com\/en\/nosotros\/","title":{"rendered":"About Us"},"content":{"rendered":"<p>[et_pb_section fb_built=&#8221;1&#8243; fullwidth=&#8221;on&#8221; _builder_version=&#8221;4.17.6&#8243; _module_preset=&#8221;default&#8221; custom_margin=&#8221;55px||||false|false&#8221; animation_style=&#8221;zoom&#8221; animation_direction=&#8221;top&#8221; global_colors_info=&#8221;{}&#8221;][et_pb_fullwidth_slider _builder_version=&#8221;4.17.6&#8243; _module_preset=&#8221;default&#8221; min_height=&#8221;481px&#8221; global_colors_info=&#8221;{}&#8221;][et_pb_slide _builder_version=&#8221;4.17.6&#8243; _module_preset=&#8221;default&#8221; background_color=&#8221;RGBA(255,255,255,0)&#8221; background_enable_color=&#8221;on&#8221; background_image=&#8221;https:\/\/www.chelitatravel.com\/wp-content\/uploads\/2022\/08\/slide-chel.jpg&#8221; background_enable_image=&#8221;on&#8221; global_colors_info=&#8221;{}&#8221; sticky_transition=&#8221;on&#8221;][\/et_pb_slide][et_pb_slide _builder_version=&#8221;4.17.6&#8243; _module_preset=&#8221;default&#8221; background_color=&#8221;RGBA(255,255,255,0)&#8221; background_enable_color=&#8221;on&#8221; background_image=&#8221;https:\/\/www.chelitatravel.com\/wp-content\/uploads\/2022\/08\/slide-wil.jpg&#8221; background_enable_image=&#8221;on&#8221; global_colors_info=&#8221;{}&#8221; sticky_transition=&#8221;on&#8221;][\/et_pb_slide][\/et_pb_fullwidth_slider][\/et_pb_section][et_pb_section fb_built=&#8221;1&#8243; admin_label=&#8221;Section&#8221; _builder_version=&#8221;4.17.6&#8243; _module_preset=&#8221;default&#8221; background_color=&#8221;#F3BE0E&#8221; custom_margin=&#8221;0px||||false|false&#8221; custom_padding=&#8221;0px||0px|||&#8221; global_colors_info=&#8221;{}&#8221;][et_pb_row _builder_version=&#8221;4.17.6&#8243; _module_preset=&#8221;default&#8221; global_colors_info=&#8221;{}&#8221;][et_pb_column type=&#8221;4_4&#8243; _builder_version=&#8221;4.17.6&#8243; _module_preset=&#8221;default&#8221; global_colors_info=&#8221;{}&#8221;][et_pb_text _builder_version=&#8221;4.17.6&#8243; _module_preset=&#8221;default&#8221; text_font=&#8221;Akaya Kanadaka||||||||&#8221; text_text_color=&#8221;#6B5344&#8243; text_font_size=&#8221;4em&#8221; custom_padding=&#8221;10px||10px||false|false&#8221; global_colors_info=&#8221;{}&#8221;]<\/p>\n<p>Nosotros<\/p>\n<p>[\/et_pb_text][\/et_pb_column][\/et_pb_row][\/et_pb_section][et_pb_section fb_built=&#8221;1&#8243; _builder_version=&#8221;4.17.6&#8243; _module_preset=&#8221;default&#8221; global_colors_info=&#8221;{}&#8221;][et_pb_row column_structure=&#8221;1_2,1_2&#8243; _builder_version=&#8221;4.17.6&#8243; _module_preset=&#8221;default&#8221; global_colors_info=&#8221;{}&#8221;][et_pb_column type=&#8221;1_2&#8243; _builder_version=&#8221;4.17.6&#8243; _module_preset=&#8221;default&#8221; global_colors_info=&#8221;{}&#8221;][et_pb_image src=&#8221;https:\/\/www.chelitatravel.com\/wp-content\/uploads\/2024\/04\/Guia.jpeg&#8221; title_text=&#8221;Guia&#8221; _builder_version=&#8221;4.19.5&#8243; _module_preset=&#8221;default&#8221; global_colors_info=&#8221;{}&#8221;][\/et_pb_image][et_pb_social_media_follow _builder_version=&#8221;4.19.5&#8243; _module_preset=&#8221;default&#8221; global_colors_info=&#8221;{}&#8221;][et_pb_social_media_follow_network social_network=&#8221;facebook&#8221; url=&#8221;https:\/\/www.facebook.com\/chelitatravel&#8221; _builder_version=&#8221;4.19.5&#8243; _module_preset=&#8221;default&#8221; background_color=&#8221;#3b5998&#8243; global_colors_info=&#8221;{}&#8221; follow_button=&#8221;off&#8221; url_new_window=&#8221;on&#8221;]facebook[\/et_pb_social_media_follow_network][et_pb_social_media_follow_network social_network=&#8221;instagram&#8221; url=&#8221;https:\/\/www.instagram.com\/chelitatravel\/&#8221; _builder_version=&#8221;4.19.5&#8243; _module_preset=&#8221;default&#8221; background_color=&#8221;#ea2c59&#8243; global_colors_info=&#8221;{}&#8221; follow_button=&#8221;off&#8221; url_new_window=&#8221;on&#8221;]instagram[\/et_pb_social_media_follow_network][\/et_pb_social_media_follow][\/et_pb_column][et_pb_column type=&#8221;1_2&#8243; _builder_version=&#8221;4.17.6&#8243; _module_preset=&#8221;default&#8221; global_colors_info=&#8221;{}&#8221;][et_pb_text _builder_version=&#8221;4.17.6&#8243; _module_preset=&#8221;default&#8221; text_font=&#8221;Akaya Kanadaka||||||||&#8221; text_text_color=&#8221;#6B5344&#8243; text_font_size=&#8221;1.5em&#8221; global_colors_info=&#8221;{}&#8221;]<\/p>\n<p style=\"text-align: justify;\">Somos una tour operadora local, legalmente constituida, atendida por profesionales en turismo, gu\u00edas certificados y apasionados de nuestra cultura y naturaleza; amamos atender a los visitantes y por lo tanto cada tour nos emociona.<\/p>\n<p style=\"text-align: justify;\">Si viajas a Campeche o la Pen\u00ednsula de Yucat\u00e1n, un equipo de expertos te atender\u00e1, para recomendarte qu\u00e9 hacer, a d\u00f3nde ir y c\u00f3mo aprovechar tu tiempo al m\u00e1ximo.<\/p>\n<p style=\"text-align: justify;\">Queremos que vivas est\u00e1 experiencia \u00fanica.<\/p>\n<p>Recuerda, no hacemos tours, <span style=\"font-size: x-large;\"><strong>ofrecemos experiencias de vida<\/strong><\/span>.<\/p>\n<p>#Enam\u00f3rateDeCampeche <br \/>#DescubreCampeche <br \/>#VisitCampeche<\/p>\n<p>[\/et_pb_text][et_pb_contact_form _builder_version=&#8221;4.17.6&#8243; _module_preset=&#8221;default&#8221; _unique_id=&#8221;4b7e5a32-24c7-4bef-acc5-1bdfb82c2b94&#8243; global_colors_info=&#8221;{}&#8221;][et_pb_contact_field field_id=&#8221;Name&#8221; field_title=&#8221;Name&#8221; _builder_version=&#8221;4.16&#8243; global_colors_info=&#8221;{}&#8221; button_text_size__hover_enabled=&#8221;off&#8221; button_one_text_size__hover_enabled=&#8221;off&#8221; button_two_text_size__hover_enabled=&#8221;off&#8221; button_text_color__hover_enabled=&#8221;off&#8221; button_one_text_color__hover_enabled=&#8221;off&#8221; button_two_text_color__hover_enabled=&#8221;off&#8221; button_border_width__hover_enabled=&#8221;off&#8221; button_one_border_width__hover_enabled=&#8221;off&#8221; button_two_border_width__hover_enabled=&#8221;off&#8221; button_border_color__hover_enabled=&#8221;off&#8221; button_one_border_color__hover_enabled=&#8221;off&#8221; button_two_border_color__hover_enabled=&#8221;off&#8221; button_border_radius__hover_enabled=&#8221;off&#8221; button_one_border_radius__hover_enabled=&#8221;off&#8221; button_two_border_radius__hover_enabled=&#8221;off&#8221; button_letter_spacing__hover_enabled=&#8221;off&#8221; button_one_letter_spacing__hover_enabled=&#8221;off&#8221; button_two_letter_spacing__hover_enabled=&#8221;off&#8221; button_bg_color__hover_enabled=&#8221;off&#8221; button_one_bg_color__hover_enabled=&#8221;off&#8221; button_two_bg_color__hover_enabled=&#8221;off&#8221;][\/et_pb_contact_field][et_pb_contact_field field_id=&#8221;Email&#8221; field_title=&#8221;Email Address&#8221; field_type=&#8221;email&#8221; _builder_version=&#8221;4.16&#8243; global_colors_info=&#8221;{}&#8221; button_text_size__hover_enabled=&#8221;off&#8221; button_one_text_size__hover_enabled=&#8221;off&#8221; button_two_text_size__hover_enabled=&#8221;off&#8221; button_text_color__hover_enabled=&#8221;off&#8221; button_one_text_color__hover_enabled=&#8221;off&#8221; button_two_text_color__hover_enabled=&#8221;off&#8221; button_border_width__hover_enabled=&#8221;off&#8221; button_one_border_width__hover_enabled=&#8221;off&#8221; button_two_border_width__hover_enabled=&#8221;off&#8221; button_border_color__hover_enabled=&#8221;off&#8221; button_one_border_color__hover_enabled=&#8221;off&#8221; button_two_border_color__hover_enabled=&#8221;off&#8221; button_border_radius__hover_enabled=&#8221;off&#8221; button_one_border_radius__hover_enabled=&#8221;off&#8221; button_two_border_radius__hover_enabled=&#8221;off&#8221; button_letter_spacing__hover_enabled=&#8221;off&#8221; button_one_letter_spacing__hover_enabled=&#8221;off&#8221; button_two_letter_spacing__hover_enabled=&#8221;off&#8221; button_bg_color__hover_enabled=&#8221;off&#8221; button_one_bg_color__hover_enabled=&#8221;off&#8221; button_two_bg_color__hover_enabled=&#8221;off&#8221;][\/et_pb_contact_field][et_pb_contact_field field_id=&#8221;Message&#8221; field_title=&#8221;Message&#8221; field_type=&#8221;text&#8221; fullwidth_field=&#8221;on&#8221; _builder_version=&#8221;4.16&#8243; global_colors_info=&#8221;{}&#8221; button_text_size__hover_enabled=&#8221;off&#8221; button_one_text_size__hover_enabled=&#8221;off&#8221; button_two_text_size__hover_enabled=&#8221;off&#8221; button_text_color__hover_enabled=&#8221;off&#8221; button_one_text_color__hover_enabled=&#8221;off&#8221; button_two_text_color__hover_enabled=&#8221;off&#8221; button_border_width__hover_enabled=&#8221;off&#8221; button_one_border_width__hover_enabled=&#8221;off&#8221; button_two_border_width__hover_enabled=&#8221;off&#8221; button_border_color__hover_enabled=&#8221;off&#8221; button_one_border_color__hover_enabled=&#8221;off&#8221; button_two_border_color__hover_enabled=&#8221;off&#8221; button_border_radius__hover_enabled=&#8221;off&#8221; button_one_border_radius__hover_enabled=&#8221;off&#8221; button_two_border_radius__hover_enabled=&#8221;off&#8221; button_letter_spacing__hover_enabled=&#8221;off&#8221; button_one_letter_spacing__hover_enabled=&#8221;off&#8221; button_two_letter_spacing__hover_enabled=&#8221;off&#8221; button_bg_color__hover_enabled=&#8221;off&#8221; button_one_bg_color__hover_enabled=&#8221;off&#8221; button_two_bg_color__hover_enabled=&#8221;off&#8221;][\/et_pb_contact_field][\/et_pb_contact_form][\/et_pb_column][\/et_pb_row][\/et_pb_section][et_pb_section fb_built=&#8221;1&#8243; admin_label=&#8221;Section&#8221; _builder_version=&#8221;4.17.6&#8243; _module_preset=&#8221;default&#8221; background_color=&#8221;#F3BE0E&#8221; custom_padding=&#8221;||0px|0px||&#8221; global_colors_info=&#8221;{}&#8221;][et_pb_row _builder_version=&#8221;4.17.6&#8243; _module_preset=&#8221;default&#8221; global_colors_info=&#8221;{}&#8221;][et_pb_column type=&#8221;4_4&#8243; _builder_version=&#8221;4.17.6&#8243; _module_preset=&#8221;default&#8221; global_colors_info=&#8221;{}&#8221;][et_pb_text _builder_version=&#8221;4.17.6&#8243; _module_preset=&#8221;default&#8221; text_font=&#8221;Akaya Kanadaka||||||||&#8221; text_text_color=&#8221;#6B5344&#8243; text_font_size=&#8221;4em&#8221; global_colors_info=&#8221;{}&#8221;]<\/p>\n<p>Disfrutamos lo que hacemos<\/p>\n<p>[\/et_pb_text][et_pb_gallery gallery_ids=&#8221;1535,1536,1537,1538,1539,1540,1541,1559,1560,1561,1562,1563&#8243; posts_number=&#8221;21&#8243; show_title_and_caption=&#8221;off&#8221; _builder_version=&#8221;4.17.6&#8243; _module_preset=&#8221;default&#8221; animation_style=&#8221;fold&#8221; animation_direction=&#8221;bottom&#8221; global_colors_info=&#8221;{}&#8221;][\/et_pb_gallery][\/et_pb_column][\/et_pb_row][\/et_pb_section]<\/p>\n","protected":false},"excerpt":{"rendered":"<p>NosotrosSomos una tour operadora local, legalmente constituida, atendida por profesionales en turismo, gu\u00edas certificados y apasionados de nuestra cultura y naturaleza; amamos atender a los visitantes y por lo tanto cada tour nos emociona. Si viajas a Campeche o la Pen\u00ednsula de Yucat\u00e1n, un equipo de expertos te atender\u00e1, para recomendarte qu\u00e9 hacer, a d\u00f3nde [&hellip;]<\/p>\n","protected":false},"author":1,"featured_media":0,"parent":0,"menu_order":0,"comment_status":"closed","ping_status":"closed","template":"","meta":{"_et_pb_use_builder":"on","_et_pb_old_content":"<!-- wp:divi\/placeholder \/-->","_et_gb_content_width":"","footnotes":""},"class_list":["post-1477","page","type-page","status-publish","hentry"],"yoast_head":"<!-- This site is optimized with the Yoast SEO plugin v26.9 - https:\/\/yoast.com\/product\/yoast-seo-wordpress\/ -->\n<title>Nosotros - Chelita Travel<\/title>\n<meta name=\"robots\" content=\"index, follow, max-snippet:-1, max-image-preview:large, max-video-preview:-1\" \/>\n<link rel=\"canonical\" href=\"https:\/\/www.chelitatravel.com\/en\/nosotros\/\" \/>\n<meta property=\"og:locale\" content=\"en_US\" \/>\n<meta property=\"og:type\" content=\"article\" \/>\n<meta property=\"og:title\" content=\"Nosotros - Chelita Travel\" \/>\n<meta property=\"og:description\" content=\"NosotrosSomos una tour operadora local, legalmente constituida, atendida por profesionales en turismo, gu\u00edas certificados y apasionados de nuestra cultura y naturaleza; amamos atender a los visitantes y por lo tanto cada tour nos emociona. Si viajas a Campeche o la Pen\u00ednsula de Yucat\u00e1n, un equipo de expertos te atender\u00e1, para recomendarte qu\u00e9 hacer, a d\u00f3nde [&hellip;]\" \/>\n<meta property=\"og:url\" content=\"https:\/\/www.chelitatravel.com\/en\/nosotros\/\" \/>\n<meta property=\"og:site_name\" content=\"Chelita Travel\" \/>\n<meta property=\"article:publisher\" content=\"https:\/\/www.facebook.com\/chelitatravel\" \/>\n<meta property=\"article:modified_time\" content=\"2024-04-09T19:13:28+00:00\" \/>\n<meta name=\"twitter:card\" content=\"summary_large_image\" \/>\n<meta name=\"twitter:label1\" content=\"Est. reading time\" \/>\n\t<meta name=\"twitter:data1\" content=\"6 minutes\" \/>\n<script type=\"application\/ld+json\" class=\"yoast-schema-graph\">{\"@context\":\"https:\/\/schema.org\",\"@graph\":[{\"@type\":\"WebPage\",\"@id\":\"https:\/\/www.chelitatravel.com\/nosotros\/\",\"url\":\"https:\/\/www.chelitatravel.com\/nosotros\/\",\"name\":\"Nosotros - Chelita Travel\",\"isPartOf\":{\"@id\":\"https:\/\/www.chelitatravel.com\/#website\"},\"datePublished\":\"2022-08-10T14:15:20+00:00\",\"dateModified\":\"2024-04-09T19:13:28+00:00\",\"breadcrumb\":{\"@id\":\"https:\/\/www.chelitatravel.com\/nosotros\/#breadcrumb\"},\"inLanguage\":\"en-US\",\"potentialAction\":[{\"@type\":\"ReadAction\",\"target\":[\"https:\/\/www.chelitatravel.com\/nosotros\/\"]}]},{\"@type\":\"BreadcrumbList\",\"@id\":\"https:\/\/www.chelitatravel.com\/nosotros\/#breadcrumb\",\"itemListElement\":[{\"@type\":\"ListItem\",\"position\":1,\"name\":\"Inicio\",\"item\":\"https:\/\/www.chelitatravel.com\/\"},{\"@type\":\"ListItem\",\"position\":2,\"name\":\"Nosotros\"}]},{\"@type\":\"WebSite\",\"@id\":\"https:\/\/www.chelitatravel.com\/#website\",\"url\":\"https:\/\/www.chelitatravel.com\/\",\"name\":\"chelitatravel.com\",\"description\":\"Te guiamos a conocer el sureste de M\u00e9xico, deja guiarte con nuestros tours privados y personalizados\",\"publisher\":{\"@id\":\"https:\/\/www.chelitatravel.com\/#organization\"},\"alternateName\":\"Chelita travel\",\"potentialAction\":[{\"@type\":\"SearchAction\",\"target\":{\"@type\":\"EntryPoint\",\"urlTemplate\":\"https:\/\/www.chelitatravel.com\/?s={search_term_string}\"},\"query-input\":{\"@type\":\"PropertyValueSpecification\",\"valueRequired\":true,\"valueName\":\"search_term_string\"}}],\"inLanguage\":\"en-US\"},{\"@type\":\"Organization\",\"@id\":\"https:\/\/www.chelitatravel.com\/#organization\",\"name\":\"Chelita Travel\",\"url\":\"https:\/\/www.chelitatravel.com\/\",\"logo\":{\"@type\":\"ImageObject\",\"inLanguage\":\"en-US\",\"@id\":\"https:\/\/www.chelitatravel.com\/#\/schema\/logo\/image\/\",\"url\":\"https:\/\/www.chelitatravel.com\/wp-content\/uploads\/2022\/07\/cropped-chelita_logo.png\",\"contentUrl\":\"https:\/\/www.chelitatravel.com\/wp-content\/uploads\/2022\/07\/cropped-chelita_logo.png\",\"width\":512,\"height\":512,\"caption\":\"Chelita Travel\"},\"image\":{\"@id\":\"https:\/\/www.chelitatravel.com\/#\/schema\/logo\/image\/\"},\"sameAs\":[\"https:\/\/www.facebook.com\/chelitatravel\",\"https:\/\/www.instagram.com\/chelitatravel\/\"]}]}<\/script>\n<!-- \/ Yoast SEO plugin. -->","yoast_head_json":{"title":"Nosotros - Chelita Travel","robots":{"index":"index","follow":"follow","max-snippet":"max-snippet:-1","max-image-preview":"max-image-preview:large","max-video-preview":"max-video-preview:-1"},"canonical":"https:\/\/www.chelitatravel.com\/en\/nosotros\/","og_locale":"en_US","og_type":"article","og_title":"Nosotros - Chelita Travel","og_description":"NosotrosSomos una tour operadora local, legalmente constituida, atendida por profesionales en turismo, gu\u00edas certificados y apasionados de nuestra cultura y naturaleza; amamos atender a los visitantes y por lo tanto cada tour nos emociona. Si viajas a Campeche o la Pen\u00ednsula de Yucat\u00e1n, un equipo de expertos te atender\u00e1, para recomendarte qu\u00e9 hacer, a d\u00f3nde [&hellip;]","og_url":"https:\/\/www.chelitatravel.com\/en\/nosotros\/","og_site_name":"Chelita Travel","article_publisher":"https:\/\/www.facebook.com\/chelitatravel","article_modified_time":"2024-04-09T19:13:28+00:00","twitter_card":"summary_large_image","twitter_misc":{"Est. reading time":"6 minutes"},"schema":{"@context":"https:\/\/schema.org","@graph":[{"@type":"WebPage","@id":"https:\/\/www.chelitatravel.com\/nosotros\/","url":"https:\/\/www.chelitatravel.com\/nosotros\/","name":"Nosotros - Chelita Travel","isPartOf":{"@id":"https:\/\/www.chelitatravel.com\/#website"},"datePublished":"2022-08-10T14:15:20+00:00","dateModified":"2024-04-09T19:13:28+00:00","breadcrumb":{"@id":"https:\/\/www.chelitatravel.com\/nosotros\/#breadcrumb"},"inLanguage":"en-US","potentialAction":[{"@type":"ReadAction","target":["https:\/\/www.chelitatravel.com\/nosotros\/"]}]},{"@type":"BreadcrumbList","@id":"https:\/\/www.chelitatravel.com\/nosotros\/#breadcrumb","itemListElement":[{"@type":"ListItem","position":1,"name":"Inicio","item":"https:\/\/www.chelitatravel.com\/"},{"@type":"ListItem","position":2,"name":"Nosotros"}]},{"@type":"WebSite","@id":"https:\/\/www.chelitatravel.com\/#website","url":"https:\/\/www.chelitatravel.com\/","name":"chelitatravel.com","description":"Te guiamos a conocer el sureste de M\u00e9xico, deja guiarte con nuestros tours privados y personalizados","publisher":{"@id":"https:\/\/www.chelitatravel.com\/#organization"},"alternateName":"Chelita travel","potentialAction":[{"@type":"SearchAction","target":{"@type":"EntryPoint","urlTemplate":"https:\/\/www.chelitatravel.com\/?s={search_term_string}"},"query-input":{"@type":"PropertyValueSpecification","valueRequired":true,"valueName":"search_term_string"}}],"inLanguage":"en-US"},{"@type":"Organization","@id":"https:\/\/www.chelitatravel.com\/#organization","name":"Chelita Travel","url":"https:\/\/www.chelitatravel.com\/","logo":{"@type":"ImageObject","inLanguage":"en-US","@id":"https:\/\/www.chelitatravel.com\/#\/schema\/logo\/image\/","url":"https:\/\/www.chelitatravel.com\/wp-content\/uploads\/2022\/07\/cropped-chelita_logo.png","contentUrl":"https:\/\/www.chelitatravel.com\/wp-content\/uploads\/2022\/07\/cropped-chelita_logo.png","width":512,"height":512,"caption":"Chelita Travel"},"image":{"@id":"https:\/\/www.chelitatravel.com\/#\/schema\/logo\/image\/"},"sameAs":["https:\/\/www.facebook.com\/chelitatravel","https:\/\/www.instagram.com\/chelitatravel\/"]}]}},"_links":{"self":[{"href":"https:\/\/www.chelitatravel.com\/en\/wp-json\/wp\/v2\/pages\/1477","targetHints":{"allow":["GET"]}}],"collection":[{"href":"https:\/\/www.chelitatravel.com\/en\/wp-json\/wp\/v2\/pages"}],"about":[{"href":"https:\/\/www.chelitatravel.com\/en\/wp-json\/wp\/v2\/types\/page"}],"author":[{"embeddable":true,"href":"https:\/\/www.chelitatravel.com\/en\/wp-json\/wp\/v2\/users\/1"}],"replies":[{"embeddable":true,"href":"https:\/\/www.chelitatravel.com\/en\/wp-json\/wp\/v2\/comments?post=1477"}],"version-history":[{"count":23,"href":"https:\/\/www.chelitatravel.com\/en\/wp-json\/wp\/v2\/pages\/1477\/revisions"}],"predecessor-version":[{"id":2941,"href":"https:\/\/www.chelitatravel.com\/en\/wp-json\/wp\/v2\/pages\/1477\/revisions\/2941"}],"wp:attachment":[{"href":"https:\/\/www.chelitatravel.com\/en\/wp-json\/wp\/v2\/media?parent=1477"}],"curies":[{"name":"wp","href":"https:\/\/api.w.org\/{rel}","templated":true}]}}